{"id":986,"date":"2017-10-30T17:31:21","date_gmt":"2017-10-30T16:31:21","guid":{"rendered":"https:\/\/camping-vendee-atlantique.com\/camping-proche-parc-floral-cour-d-aron\/"},"modified":"2022-04-28T09:25:37","modified_gmt":"2022-04-28T07:25:37","slug":"campsite-france-nearby-cour-d-aron","status":"publish","type":"page","link":"https:\/\/camping-vendee-atlantique.com\/en\/campsite-france-nearby-cour-d-aron","title":{"rendered":"La Cour d&#8217;Aron Floral and Tropical Park"},"content":{"rendered":"<div class=\"row \"><div class=\"col-lg-6 col-md-6 col-xs-12 col-sm-12\">\n<img loading=\"lazy\" decoding=\"async\" class=\"alignnone size-full wp-image-389\" src=\"https:\/\/camping-vendee-atlantique.com\/wp-content\/uploads\/2017\/10\/parc-floral-court-d-aron-IMG_6059.jpg\" alt=\"Parc floral de la court d Aron\" width=\"1200\" height=\"800\" srcset=\"https:\/\/camping-vendee-atlantique.com\/wp-content\/uploads\/2017\/10\/parc-floral-court-d-aron-IMG_6059.jpg 1200w, https:\/\/camping-vendee-atlantique.com\/wp-content\/uploads\/2017\/10\/parc-floral-court-d-aron-IMG_6059-300x200.jpg 300w, https:\/\/camping-vendee-atlantique.com\/wp-content\/uploads\/2017\/10\/parc-floral-court-d-aron-IMG_6059-768x512.jpg 768w, https:\/\/camping-vendee-atlantique.com\/wp-content\/uploads\/2017\/10\/parc-floral-court-d-aron-IMG_6059-1024x683.jpg 1024w\" sizes=\"auto, (max-width: 1200px) 100vw, 1200px\" \/><\/div>\n<div class=\"col-lg-6 col-md-6 col-xs-12 col-sm-12\"><\/p>\n<h2>Dream trip in the heart of Vend\u00e9e&#8230;<\/h2>\n<p>From spring to autumn, La Cour d&#8217;Aron floral and tropical park invites you for a real world tour of the exotic botany heritage on 10 hectares.<\/p>\n<p>Discover a botanical universe with diverse gardens, from the Japanese garden to the tropical greenhouse!<\/p>\n<p>From June, come enjoy the Asian lotuses&#8217; blossoming!<\/p>\n<p>10 kms \u2013 about 10\u2019 by car<br \/>\nSaint-Cyr-en-Talmondais<br \/>\nT\u00e9l : +33 2.51.30.86.74<\/p>\n<p><em>Go to the tourist office of Angles for more information (Place du Champ de Foire \u2013 02 51 97 56 39).<\/em><\/p>\n<p><\/div>\n<\/div>\n","protected":false},"excerpt":{"rendered":"","protected":false},"author":1,"featured_media":0,"parent":0,"menu_order":0,"comment_status":"closed","ping_status":"closed","template":"","meta":{"footnotes":""},"class_list":["post-986","page","type-page","status-publish","hentry"],"yoast_head":"<!-- This site is optimized with the Yoast SEO plugin v27.4 - https:\/\/yoast.com\/product\/yoast-seo-wordpress\/ -->\n<title>Parc Floral de la Court d&#039;Aron - CAMPING ATLANTIQUE - C\u00f4te Vend\u00e9enne<\/title>\n<meta name=\"description\" content=\"Ce parc Floral vous propose de d\u00e9couvrir des bonsa\u00ef, des cact\u00e9es,jardins zen, et m\u00eame des lotus en fleurs\" \/>\n<meta name=\"robots\" content=\"index, follow, max-snippet:-1, max-image-preview:large, max-video-preview:-1\" \/>\n<link rel=\"canonical\" href=\"https:\/\/camping-vendee-atlantique.com\/en\/campsite-france-nearby-cour-d-aron\" \/>\n<meta property=\"og:locale\" content=\"en_US\" \/>\n<meta property=\"og:type\" content=\"article\" \/>\n<meta property=\"og:title\" content=\"Parc Floral de la Court d&#039;Aron - CAMPING ATLANTIQUE - C\u00f4te Vend\u00e9enne\" \/>\n<meta property=\"og:description\" content=\"Ce parc Floral vous propose de d\u00e9couvrir des bonsa\u00ef, des cact\u00e9es,jardins zen, et m\u00eame des lotus en fleurs\" \/>\n<meta property=\"og:url\" content=\"https:\/\/camping-vendee-atlantique.com\/en\/campsite-france-nearby-cour-d-aron\" \/>\n<meta property=\"og:site_name\" content=\"Camping Vend\u00e9e **** - CAMPING ATLANTIQUE - C\u00f4te Vend\u00e9enne\" \/>\n<meta property=\"article:modified_time\" content=\"2022-04-28T07:25:37+00:00\" \/>\n<meta property=\"og:image\" content=\"https:\/\/camping-vendee-atlantique.com\/wp-content\/uploads\/2017\/10\/parc-floral-court-d-aron-IMG_6059.jpg\" \/>\n<meta name=\"twitter:card\" content=\"summary_large_image\" \/>\n<script type=\"application\/ld+json\" class=\"yoast-schema-graph\">{\"@context\":\"https:\\\/\\\/schema.org\",\"@graph\":[{\"@type\":\"WebPage\",\"@id\":\"https:\\\/\\\/camping-vendee-atlantique.com\\\/en\\\/campsite-france-nearby-cour-d-aron\",\"url\":\"https:\\\/\\\/camping-vendee-atlantique.com\\\/en\\\/campsite-france-nearby-cour-d-aron\",\"name\":\"Parc Floral de la Court d'Aron - CAMPING ATLANTIQUE - C\u00f4te Vend\u00e9enne\",\"isPartOf\":{\"@id\":\"https:\\\/\\\/camping-vendee-atlantique.com\\\/#website\"},\"primaryImageOfPage\":{\"@id\":\"https:\\\/\\\/camping-vendee-atlantique.com\\\/en\\\/campsite-france-nearby-cour-d-aron#primaryimage\"},\"image\":{\"@id\":\"https:\\\/\\\/camping-vendee-atlantique.com\\\/en\\\/campsite-france-nearby-cour-d-aron#primaryimage\"},\"thumbnailUrl\":\"https:\\\/\\\/camping-vendee-atlantique.com\\\/wp-content\\\/uploads\\\/2017\\\/10\\\/parc-floral-court-d-aron-IMG_6059.jpg\",\"datePublished\":\"2017-10-30T16:31:21+00:00\",\"dateModified\":\"2022-04-28T07:25:37+00:00\",\"description\":\"Ce parc Floral vous propose de d\u00e9couvrir des bonsa\u00ef, des cact\u00e9es,jardins zen, et m\u00eame des lotus en fleurs\",\"breadcrumb\":{\"@id\":\"https:\\\/\\\/camping-vendee-atlantique.com\\\/en\\\/campsite-france-nearby-cour-d-aron#breadcrumb\"},\"inLanguage\":\"en-US\",\"potentialAction\":[{\"@type\":\"ReadAction\",\"target\":[\"https:\\\/\\\/camping-vendee-atlantique.com\\\/en\\\/campsite-france-nearby-cour-d-aron\"]}]},{\"@type\":\"ImageObject\",\"inLanguage\":\"en-US\",\"@id\":\"https:\\\/\\\/camping-vendee-atlantique.com\\\/en\\\/campsite-france-nearby-cour-d-aron#primaryimage\",\"url\":\"https:\\\/\\\/camping-vendee-atlantique.com\\\/wp-content\\\/uploads\\\/2017\\\/10\\\/parc-floral-court-d-aron-IMG_6059.jpg\",\"contentUrl\":\"https:\\\/\\\/camping-vendee-atlantique.com\\\/wp-content\\\/uploads\\\/2017\\\/10\\\/parc-floral-court-d-aron-IMG_6059.jpg\"},{\"@type\":\"BreadcrumbList\",\"@id\":\"https:\\\/\\\/camping-vendee-atlantique.com\\\/en\\\/campsite-france-nearby-cour-d-aron#breadcrumb\",\"itemListElement\":[{\"@type\":\"ListItem\",\"position\":1,\"name\":\"Accueil\",\"item\":\"https:\\\/\\\/camping-vendee-atlantique.com\\\/en\"},{\"@type\":\"ListItem\",\"position\":2,\"name\":\"La Cour d&rsquo;Aron Floral and Tropical Park\"}]},{\"@type\":\"WebSite\",\"@id\":\"https:\\\/\\\/camping-vendee-atlantique.com\\\/#website\",\"url\":\"https:\\\/\\\/camping-vendee-atlantique.com\\\/\",\"name\":\"Camping Vend\u00e9e **** - CAMPING ATLANTIQUE - C\u00f4te Vend\u00e9enne\",\"description\":\"\",\"potentialAction\":[{\"@type\":\"SearchAction\",\"target\":{\"@type\":\"EntryPoint\",\"urlTemplate\":\"https:\\\/\\\/camping-vendee-atlantique.com\\\/?s={search_term_string}\"},\"query-input\":{\"@type\":\"PropertyValueSpecification\",\"valueRequired\":true,\"valueName\":\"search_term_string\"}}],\"inLanguage\":\"en-US\"}]}<\/script>\n<!-- \/ Yoast SEO plugin. -->","yoast_head_json":{"title":"Parc Floral de la Court d'Aron - CAMPING ATLANTIQUE - C\u00f4te Vend\u00e9enne","description":"Ce parc Floral vous propose de d\u00e9couvrir des bonsa\u00ef, des cact\u00e9es,jardins zen, et m\u00eame des lotus en fleurs","robots":{"index":"index","follow":"follow","max-snippet":"max-snippet:-1","max-image-preview":"max-image-preview:large","max-video-preview":"max-video-preview:-1"},"canonical":"https:\/\/camping-vendee-atlantique.com\/en\/campsite-france-nearby-cour-d-aron","og_locale":"en_US","og_type":"article","og_title":"Parc Floral de la Court d'Aron - CAMPING ATLANTIQUE - C\u00f4te Vend\u00e9enne","og_description":"Ce parc Floral vous propose de d\u00e9couvrir des bonsa\u00ef, des cact\u00e9es,jardins zen, et m\u00eame des lotus en fleurs","og_url":"https:\/\/camping-vendee-atlantique.com\/en\/campsite-france-nearby-cour-d-aron","og_site_name":"Camping Vend\u00e9e **** - CAMPING ATLANTIQUE - C\u00f4te Vend\u00e9enne","article_modified_time":"2022-04-28T07:25:37+00:00","og_image":[{"url":"https:\/\/camping-vendee-atlantique.com\/wp-content\/uploads\/2017\/10\/parc-floral-court-d-aron-IMG_6059.jpg","type":"","width":"","height":""}],"twitter_card":"summary_large_image","schema":{"@context":"https:\/\/schema.org","@graph":[{"@type":"WebPage","@id":"https:\/\/camping-vendee-atlantique.com\/en\/campsite-france-nearby-cour-d-aron","url":"https:\/\/camping-vendee-atlantique.com\/en\/campsite-france-nearby-cour-d-aron","name":"Parc Floral de la Court d'Aron - CAMPING ATLANTIQUE - C\u00f4te Vend\u00e9enne","isPartOf":{"@id":"https:\/\/camping-vendee-atlantique.com\/#website"},"primaryImageOfPage":{"@id":"https:\/\/camping-vendee-atlantique.com\/en\/campsite-france-nearby-cour-d-aron#primaryimage"},"image":{"@id":"https:\/\/camping-vendee-atlantique.com\/en\/campsite-france-nearby-cour-d-aron#primaryimage"},"thumbnailUrl":"https:\/\/camping-vendee-atlantique.com\/wp-content\/uploads\/2017\/10\/parc-floral-court-d-aron-IMG_6059.jpg","datePublished":"2017-10-30T16:31:21+00:00","dateModified":"2022-04-28T07:25:37+00:00","description":"Ce parc Floral vous propose de d\u00e9couvrir des bonsa\u00ef, des cact\u00e9es,jardins zen, et m\u00eame des lotus en fleurs","breadcrumb":{"@id":"https:\/\/camping-vendee-atlantique.com\/en\/campsite-france-nearby-cour-d-aron#breadcrumb"},"inLanguage":"en-US","potentialAction":[{"@type":"ReadAction","target":["https:\/\/camping-vendee-atlantique.com\/en\/campsite-france-nearby-cour-d-aron"]}]},{"@type":"ImageObject","inLanguage":"en-US","@id":"https:\/\/camping-vendee-atlantique.com\/en\/campsite-france-nearby-cour-d-aron#primaryimage","url":"https:\/\/camping-vendee-atlantique.com\/wp-content\/uploads\/2017\/10\/parc-floral-court-d-aron-IMG_6059.jpg","contentUrl":"https:\/\/camping-vendee-atlantique.com\/wp-content\/uploads\/2017\/10\/parc-floral-court-d-aron-IMG_6059.jpg"},{"@type":"BreadcrumbList","@id":"https:\/\/camping-vendee-atlantique.com\/en\/campsite-france-nearby-cour-d-aron#breadcrumb","itemListElement":[{"@type":"ListItem","position":1,"name":"Accueil","item":"https:\/\/camping-vendee-atlantique.com\/en"},{"@type":"ListItem","position":2,"name":"La Cour d&rsquo;Aron Floral and Tropical Park"}]},{"@type":"WebSite","@id":"https:\/\/camping-vendee-atlantique.com\/#website","url":"https:\/\/camping-vendee-atlantique.com\/","name":"Camping Vend\u00e9e **** - CAMPING ATLANTIQUE - C\u00f4te Vend\u00e9enne","description":"","potentialAction":[{"@type":"SearchAction","target":{"@type":"EntryPoint","urlTemplate":"https:\/\/camping-vendee-atlantique.com\/?s={search_term_string}"},"query-input":{"@type":"PropertyValueSpecification","valueRequired":true,"valueName":"search_term_string"}}],"inLanguage":"en-US"}]}},"_links":{"self":[{"href":"https:\/\/camping-vendee-atlantique.com\/en\/wp-json\/wp\/v2\/pages\/986","targetHints":{"allow":["GET"]}}],"collection":[{"href":"https:\/\/camping-vendee-atlantique.com\/en\/wp-json\/wp\/v2\/pages"}],"about":[{"href":"https:\/\/camping-vendee-atlantique.com\/en\/wp-json\/wp\/v2\/types\/page"}],"author":[{"embeddable":true,"href":"https:\/\/camping-vendee-atlantique.com\/en\/wp-json\/wp\/v2\/users\/1"}],"replies":[{"embeddable":true,"href":"https:\/\/camping-vendee-atlantique.com\/en\/wp-json\/wp\/v2\/comments?post=986"}],"version-history":[{"count":4,"href":"https:\/\/camping-vendee-atlantique.com\/en\/wp-json\/wp\/v2\/pages\/986\/revisions"}],"predecessor-version":[{"id":10499,"href":"https:\/\/camping-vendee-atlantique.com\/en\/wp-json\/wp\/v2\/pages\/986\/revisions\/10499"}],"wp:attachment":[{"href":"https:\/\/camping-vendee-atlantique.com\/en\/wp-json\/wp\/v2\/media?parent=986"}],"curies":[{"name":"wp","href":"https:\/\/api.w.org\/{rel}","templated":true}]}}