{"id":967,"date":"2017-11-28T14:09:40","date_gmt":"2017-11-28T13:09:40","guid":{"rendered":"https:\/\/camping-vendee-atlantique.com\/la-rochelle\/"},"modified":"2022-04-27T15:23:12","modified_gmt":"2022-04-27T13:23:12","slug":"la-rochelle","status":"publish","type":"page","link":"https:\/\/camping-vendee-atlantique.com\/en\/la-rochelle","title":{"rendered":"La Rochelle"},"content":{"rendered":"<p>City of character, La Rochelle is one of the cities not to be missed. At only 50km, discover its historical heritage with its center with arcades, ports and towers or give yourself a getaway to Ile de R\u00e9.<\/p>\n<p>Only 50 km away, discover it&#8217;s historical heritage with it&#8217;s city center and it&#8217;s arcades, it&#8217;s harbours and it&#8217;s towers or allow yourself a getaway to Ile de R\u00e9.<\/p>\n<p><em>Go to the tourist office of Angles for more information (Place du Champ de Foire \u2013 02 51 97 56 39).<\/em><\/p>\nNo pictures\n","protected":false},"excerpt":{"rendered":"<p>City of character, La Rochelle is one of the cities not to be missed. At only 50km, discover its historical heritage with its center with arcades, ports and towers or give yourself a getaway to Ile de R\u00e9. Only 50 km away, discover it&#8217;s historical heritage with it&#8217;s city center and it&#8217;s arcades, it&#8217;s harbours [&hellip;]<\/p>\n","protected":false},"author":1,"featured_media":0,"parent":0,"menu_order":0,"comment_status":"closed","ping_status":"closed","template":"","meta":{"footnotes":""},"class_list":["post-967","page","type-page","status-publish","hentry"],"yoast_head":"<!-- This site is optimized with the Yoast SEO plugin v27.4 - https:\/\/yoast.com\/product\/yoast-seo-wordpress\/ -->\n<title>La Rochelle - Camping Vend\u00e9e **** - CAMPING ATLANTIQUE - C\u00f4te Vend\u00e9enne<\/title>\n<meta name=\"robots\" content=\"index, follow, max-snippet:-1, max-image-preview:large, max-video-preview:-1\" \/>\n<link rel=\"canonical\" href=\"https:\/\/camping-vendee-atlantique.com\/en\/la-rochelle\" \/>\n<meta property=\"og:locale\" content=\"en_US\" \/>\n<meta property=\"og:type\" content=\"article\" \/>\n<meta property=\"og:title\" content=\"La Rochelle - Camping Vend\u00e9e **** - CAMPING ATLANTIQUE - C\u00f4te Vend\u00e9enne\" \/>\n<meta property=\"og:description\" content=\"City of character, La Rochelle is one of the cities not to be missed. At only 50km, discover its historical heritage with its center with arcades, ports and towers or give yourself a getaway to Ile de R\u00e9. Only 50 km away, discover it&#8217;s historical heritage with it&#8217;s city center and it&#8217;s arcades, it&#8217;s harbours [&hellip;]\" \/>\n<meta property=\"og:url\" content=\"https:\/\/camping-vendee-atlantique.com\/en\/la-rochelle\" \/>\n<meta property=\"og:site_name\" content=\"Camping Vend\u00e9e **** - CAMPING ATLANTIQUE - C\u00f4te Vend\u00e9enne\" \/>\n<meta property=\"article:modified_time\" content=\"2022-04-27T13:23:12+00:00\" \/>\n<meta name=\"twitter:card\" content=\"summary_large_image\" \/>\n<script type=\"application\/ld+json\" class=\"yoast-schema-graph\">{\"@context\":\"https:\\\/\\\/schema.org\",\"@graph\":[{\"@type\":\"WebPage\",\"@id\":\"https:\\\/\\\/camping-vendee-atlantique.com\\\/en\\\/la-rochelle\",\"url\":\"https:\\\/\\\/camping-vendee-atlantique.com\\\/en\\\/la-rochelle\",\"name\":\"La Rochelle - Camping Vend\u00e9e **** - CAMPING ATLANTIQUE - C\u00f4te Vend\u00e9enne\",\"isPartOf\":{\"@id\":\"https:\\\/\\\/camping-vendee-atlantique.com\\\/#website\"},\"datePublished\":\"2017-11-28T13:09:40+00:00\",\"dateModified\":\"2022-04-27T13:23:12+00:00\",\"breadcrumb\":{\"@id\":\"https:\\\/\\\/camping-vendee-atlantique.com\\\/en\\\/la-rochelle#breadcrumb\"},\"inLanguage\":\"en-US\",\"potentialAction\":[{\"@type\":\"ReadAction\",\"target\":[\"https:\\\/\\\/camping-vendee-atlantique.com\\\/en\\\/la-rochelle\"]}]},{\"@type\":\"BreadcrumbList\",\"@id\":\"https:\\\/\\\/camping-vendee-atlantique.com\\\/en\\\/la-rochelle#breadcrumb\",\"itemListElement\":[{\"@type\":\"ListItem\",\"position\":1,\"name\":\"Accueil\",\"item\":\"https:\\\/\\\/camping-vendee-atlantique.com\\\/en\"},{\"@type\":\"ListItem\",\"position\":2,\"name\":\"La Rochelle\"}]},{\"@type\":\"WebSite\",\"@id\":\"https:\\\/\\\/camping-vendee-atlantique.com\\\/#website\",\"url\":\"https:\\\/\\\/camping-vendee-atlantique.com\\\/\",\"name\":\"Camping Vend\u00e9e **** - CAMPING ATLANTIQUE - C\u00f4te Vend\u00e9enne\",\"description\":\"\",\"potentialAction\":[{\"@type\":\"SearchAction\",\"target\":{\"@type\":\"EntryPoint\",\"urlTemplate\":\"https:\\\/\\\/camping-vendee-atlantique.com\\\/?s={search_term_string}\"},\"query-input\":{\"@type\":\"PropertyValueSpecification\",\"valueRequired\":true,\"valueName\":\"search_term_string\"}}],\"inLanguage\":\"en-US\"}]}<\/script>\n<!-- \/ Yoast SEO plugin. -->","yoast_head_json":{"title":"La Rochelle - Camping Vend\u00e9e **** - CAMPING ATLANTIQUE - C\u00f4te Vend\u00e9enne","robots":{"index":"index","follow":"follow","max-snippet":"max-snippet:-1","max-image-preview":"max-image-preview:large","max-video-preview":"max-video-preview:-1"},"canonical":"https:\/\/camping-vendee-atlantique.com\/en\/la-rochelle","og_locale":"en_US","og_type":"article","og_title":"La Rochelle - Camping Vend\u00e9e **** - CAMPING ATLANTIQUE - C\u00f4te Vend\u00e9enne","og_description":"City of character, La Rochelle is one of the cities not to be missed. At only 50km, discover its historical heritage with its center with arcades, ports and towers or give yourself a getaway to Ile de R\u00e9. Only 50 km away, discover it&#8217;s historical heritage with it&#8217;s city center and it&#8217;s arcades, it&#8217;s harbours [&hellip;]","og_url":"https:\/\/camping-vendee-atlantique.com\/en\/la-rochelle","og_site_name":"Camping Vend\u00e9e **** - CAMPING ATLANTIQUE - C\u00f4te Vend\u00e9enne","article_modified_time":"2022-04-27T13:23:12+00:00","twitter_card":"summary_large_image","schema":{"@context":"https:\/\/schema.org","@graph":[{"@type":"WebPage","@id":"https:\/\/camping-vendee-atlantique.com\/en\/la-rochelle","url":"https:\/\/camping-vendee-atlantique.com\/en\/la-rochelle","name":"La Rochelle - Camping Vend\u00e9e **** - CAMPING ATLANTIQUE - C\u00f4te Vend\u00e9enne","isPartOf":{"@id":"https:\/\/camping-vendee-atlantique.com\/#website"},"datePublished":"2017-11-28T13:09:40+00:00","dateModified":"2022-04-27T13:23:12+00:00","breadcrumb":{"@id":"https:\/\/camping-vendee-atlantique.com\/en\/la-rochelle#breadcrumb"},"inLanguage":"en-US","potentialAction":[{"@type":"ReadAction","target":["https:\/\/camping-vendee-atlantique.com\/en\/la-rochelle"]}]},{"@type":"BreadcrumbList","@id":"https:\/\/camping-vendee-atlantique.com\/en\/la-rochelle#breadcrumb","itemListElement":[{"@type":"ListItem","position":1,"name":"Accueil","item":"https:\/\/camping-vendee-atlantique.com\/en"},{"@type":"ListItem","position":2,"name":"La Rochelle"}]},{"@type":"WebSite","@id":"https:\/\/camping-vendee-atlantique.com\/#website","url":"https:\/\/camping-vendee-atlantique.com\/","name":"Camping Vend\u00e9e **** - CAMPING ATLANTIQUE - C\u00f4te Vend\u00e9enne","description":"","potentialAction":[{"@type":"SearchAction","target":{"@type":"EntryPoint","urlTemplate":"https:\/\/camping-vendee-atlantique.com\/?s={search_term_string}"},"query-input":{"@type":"PropertyValueSpecification","valueRequired":true,"valueName":"search_term_string"}}],"inLanguage":"en-US"}]}},"_links":{"self":[{"href":"https:\/\/camping-vendee-atlantique.com\/en\/wp-json\/wp\/v2\/pages\/967","targetHints":{"allow":["GET"]}}],"collection":[{"href":"https:\/\/camping-vendee-atlantique.com\/en\/wp-json\/wp\/v2\/pages"}],"about":[{"href":"https:\/\/camping-vendee-atlantique.com\/en\/wp-json\/wp\/v2\/types\/page"}],"author":[{"embeddable":true,"href":"https:\/\/camping-vendee-atlantique.com\/en\/wp-json\/wp\/v2\/users\/1"}],"replies":[{"embeddable":true,"href":"https:\/\/camping-vendee-atlantique.com\/en\/wp-json\/wp\/v2\/comments?post=967"}],"version-history":[{"count":4,"href":"https:\/\/camping-vendee-atlantique.com\/en\/wp-json\/wp\/v2\/pages\/967\/revisions"}],"predecessor-version":[{"id":10478,"href":"https:\/\/camping-vendee-atlantique.com\/en\/wp-json\/wp\/v2\/pages\/967\/revisions\/10478"}],"wp:attachment":[{"href":"https:\/\/camping-vendee-atlantique.com\/en\/wp-json\/wp\/v2\/media?parent=967"}],"curies":[{"name":"wp","href":"https:\/\/api.w.org\/{rel}","templated":true}]}}