{"id":965,"date":"2017-10-30T17:22:21","date_gmt":"2017-10-30T16:22:21","guid":{"rendered":"https:\/\/camping-vendee-atlantique.com\/camping-vendee-proche-indian-forest\/"},"modified":"2022-04-27T15:54:49","modified_gmt":"2022-04-27T13:54:49","slug":"campsite-france-nearby-indian-forest","status":"publish","type":"page","link":"https:\/\/camping-vendee-atlantique.com\/en\/campsite-france-nearby-indian-forest","title":{"rendered":"Adventure for all the family!"},"content":{"rendered":"<div class=\"row \"><div class=\"col-lg-6 col-md-6 col-xs-12 col-sm-12\">\n<img loading=\"lazy\" decoding=\"async\" class=\"alignnone size-full wp-image-380\" src=\"https:\/\/camping-vendee-atlantique.com\/wp-content\/uploads\/2017\/10\/Indian-forest.jpg\" alt=\"Indian forest\" width=\"800\" height=\"578\" srcset=\"https:\/\/camping-vendee-atlantique.com\/wp-content\/uploads\/2017\/10\/Indian-forest.jpg 800w, https:\/\/camping-vendee-atlantique.com\/wp-content\/uploads\/2017\/10\/Indian-forest-300x217.jpg 300w, https:\/\/camping-vendee-atlantique.com\/wp-content\/uploads\/2017\/10\/Indian-forest-768x555.jpg 768w\" sizes=\"auto, (max-width: 800px) 100vw, 800px\" \/><\/div>\n<div class=\"col-lg-6 col-md-6 col-xs-12 col-sm-12\"><\/p>\n<h2>Indian Forest<\/h2>\n<p>In the heart of a 20ha forest of hundred year old oaks, the park offers you 4 worlds to spend good moments of pleasure, emotion and sensation. In Indian Forest, you will find plenty of activities : Parcours Adventure, Paintball, games for children, Minigolf&#8230;<\/p>\n<p>Get ready for some adventure!<\/p>\n<p>12 kms \u2013 about 10\u2019 by car<br \/>\nMoutiers-les-Mauxfaits<br \/>\nT\u00e9l : +33 2.51.48.12.12<\/p>\n<p><em>Go to the tourist office of Angles for more information (Place du Champ de Foire &#8211; 02 51 97 56 39).<\/em><\/div>\n<\/div>\n","protected":false},"excerpt":{"rendered":"","protected":false},"author":1,"featured_media":0,"parent":0,"menu_order":0,"comment_status":"closed","ping_status":"closed","template":"","meta":{"footnotes":""},"class_list":["post-965","page","type-page","status-publish","hentry"],"yoast_head":"<!-- This site is optimized with the Yoast SEO plugin v27.4 - https:\/\/yoast.com\/product\/yoast-seo-wordpress\/ -->\n<title>Indian Forest - CAMPING ATLANTIQUE - C\u00f4te Vend\u00e9enne<\/title>\n<meta name=\"description\" content=\"Au c\u0153ur d\u2019une for\u00eat de 20ha de ch\u00eanes centenaires, le parc vous propose 4 univers pour vivre des moments de plaisir, d&#039;\u00e9motion et de sensation. \u00c0 Indian Forest, de multiples activit\u00e9s s&#039;offrent \u00e0 vous : Parcours Aventures, Paintball, Jeux pour enfants...\" \/>\n<meta name=\"robots\" content=\"index, follow, max-snippet:-1, max-image-preview:large, max-video-preview:-1\" \/>\n<link rel=\"canonical\" href=\"https:\/\/camping-vendee-atlantique.com\/en\/campsite-france-nearby-indian-forest\" \/>\n<meta property=\"og:locale\" content=\"en_US\" \/>\n<meta property=\"og:type\" content=\"article\" \/>\n<meta property=\"og:title\" content=\"Indian Forest - CAMPING ATLANTIQUE - C\u00f4te Vend\u00e9enne\" \/>\n<meta property=\"og:description\" content=\"Au c\u0153ur d\u2019une for\u00eat de 20ha de ch\u00eanes centenaires, le parc vous propose 4 univers pour vivre des moments de plaisir, d&#039;\u00e9motion et de sensation. \u00c0 Indian Forest, de multiples activit\u00e9s s&#039;offrent \u00e0 vous : Parcours Aventures, Paintball, Jeux pour enfants...\" \/>\n<meta property=\"og:url\" content=\"https:\/\/camping-vendee-atlantique.com\/en\/campsite-france-nearby-indian-forest\" \/>\n<meta property=\"og:site_name\" content=\"Camping Vend\u00e9e **** - CAMPING ATLANTIQUE - C\u00f4te Vend\u00e9enne\" \/>\n<meta property=\"article:modified_time\" content=\"2022-04-27T13:54:49+00:00\" \/>\n<meta property=\"og:image\" content=\"https:\/\/camping-vendee-atlantique.com\/wp-content\/uploads\/2017\/10\/Indian-forest.jpg\" \/>\n<meta name=\"twitter:card\" content=\"summary_large_image\" \/>\n<script type=\"application\/ld+json\" class=\"yoast-schema-graph\">{\"@context\":\"https:\\\/\\\/schema.org\",\"@graph\":[{\"@type\":\"WebPage\",\"@id\":\"https:\\\/\\\/camping-vendee-atlantique.com\\\/en\\\/campsite-france-nearby-indian-forest\",\"url\":\"https:\\\/\\\/camping-vendee-atlantique.com\\\/en\\\/campsite-france-nearby-indian-forest\",\"name\":\"Indian Forest - CAMPING ATLANTIQUE - C\u00f4te Vend\u00e9enne\",\"isPartOf\":{\"@id\":\"https:\\\/\\\/camping-vendee-atlantique.com\\\/#website\"},\"primaryImageOfPage\":{\"@id\":\"https:\\\/\\\/camping-vendee-atlantique.com\\\/en\\\/campsite-france-nearby-indian-forest#primaryimage\"},\"image\":{\"@id\":\"https:\\\/\\\/camping-vendee-atlantique.com\\\/en\\\/campsite-france-nearby-indian-forest#primaryimage\"},\"thumbnailUrl\":\"https:\\\/\\\/camping-vendee-atlantique.com\\\/wp-content\\\/uploads\\\/2017\\\/10\\\/Indian-forest.jpg\",\"datePublished\":\"2017-10-30T16:22:21+00:00\",\"dateModified\":\"2022-04-27T13:54:49+00:00\",\"description\":\"Au c\u0153ur d\u2019une for\u00eat de 20ha de ch\u00eanes centenaires, le parc vous propose 4 univers pour vivre des moments de plaisir, d'\u00e9motion et de sensation. \u00c0 Indian Forest, de multiples activit\u00e9s s'offrent \u00e0 vous : Parcours Aventures, Paintball, Jeux pour enfants...\",\"breadcrumb\":{\"@id\":\"https:\\\/\\\/camping-vendee-atlantique.com\\\/en\\\/campsite-france-nearby-indian-forest#breadcrumb\"},\"inLanguage\":\"en-US\",\"potentialAction\":[{\"@type\":\"ReadAction\",\"target\":[\"https:\\\/\\\/camping-vendee-atlantique.com\\\/en\\\/campsite-france-nearby-indian-forest\"]}]},{\"@type\":\"ImageObject\",\"inLanguage\":\"en-US\",\"@id\":\"https:\\\/\\\/camping-vendee-atlantique.com\\\/en\\\/campsite-france-nearby-indian-forest#primaryimage\",\"url\":\"https:\\\/\\\/camping-vendee-atlantique.com\\\/wp-content\\\/uploads\\\/2017\\\/10\\\/Indian-forest.jpg\",\"contentUrl\":\"https:\\\/\\\/camping-vendee-atlantique.com\\\/wp-content\\\/uploads\\\/2017\\\/10\\\/Indian-forest.jpg\"},{\"@type\":\"BreadcrumbList\",\"@id\":\"https:\\\/\\\/camping-vendee-atlantique.com\\\/en\\\/campsite-france-nearby-indian-forest#breadcrumb\",\"itemListElement\":[{\"@type\":\"ListItem\",\"position\":1,\"name\":\"Accueil\",\"item\":\"https:\\\/\\\/camping-vendee-atlantique.com\\\/en\"},{\"@type\":\"ListItem\",\"position\":2,\"name\":\"Adventure for all the family!\"}]},{\"@type\":\"WebSite\",\"@id\":\"https:\\\/\\\/camping-vendee-atlantique.com\\\/#website\",\"url\":\"https:\\\/\\\/camping-vendee-atlantique.com\\\/\",\"name\":\"Camping Vend\u00e9e **** - CAMPING ATLANTIQUE - C\u00f4te Vend\u00e9enne\",\"description\":\"\",\"potentialAction\":[{\"@type\":\"SearchAction\",\"target\":{\"@type\":\"EntryPoint\",\"urlTemplate\":\"https:\\\/\\\/camping-vendee-atlantique.com\\\/?s={search_term_string}\"},\"query-input\":{\"@type\":\"PropertyValueSpecification\",\"valueRequired\":true,\"valueName\":\"search_term_string\"}}],\"inLanguage\":\"en-US\"}]}<\/script>\n<!-- \/ Yoast SEO plugin. -->","yoast_head_json":{"title":"Indian Forest - CAMPING ATLANTIQUE - C\u00f4te Vend\u00e9enne","description":"Au c\u0153ur d\u2019une for\u00eat de 20ha de ch\u00eanes centenaires, le parc vous propose 4 univers pour vivre des moments de plaisir, d'\u00e9motion et de sensation. \u00c0 Indian Forest, de multiples activit\u00e9s s'offrent \u00e0 vous : Parcours Aventures, Paintball, Jeux pour enfants...","robots":{"index":"index","follow":"follow","max-snippet":"max-snippet:-1","max-image-preview":"max-image-preview:large","max-video-preview":"max-video-preview:-1"},"canonical":"https:\/\/camping-vendee-atlantique.com\/en\/campsite-france-nearby-indian-forest","og_locale":"en_US","og_type":"article","og_title":"Indian Forest - CAMPING ATLANTIQUE - C\u00f4te Vend\u00e9enne","og_description":"Au c\u0153ur d\u2019une for\u00eat de 20ha de ch\u00eanes centenaires, le parc vous propose 4 univers pour vivre des moments de plaisir, d'\u00e9motion et de sensation. \u00c0 Indian Forest, de multiples activit\u00e9s s'offrent \u00e0 vous : Parcours Aventures, Paintball, Jeux pour enfants...","og_url":"https:\/\/camping-vendee-atlantique.com\/en\/campsite-france-nearby-indian-forest","og_site_name":"Camping Vend\u00e9e **** - CAMPING ATLANTIQUE - C\u00f4te Vend\u00e9enne","article_modified_time":"2022-04-27T13:54:49+00:00","og_image":[{"url":"https:\/\/camping-vendee-atlantique.com\/wp-content\/uploads\/2017\/10\/Indian-forest.jpg","type":"","width":"","height":""}],"twitter_card":"summary_large_image","schema":{"@context":"https:\/\/schema.org","@graph":[{"@type":"WebPage","@id":"https:\/\/camping-vendee-atlantique.com\/en\/campsite-france-nearby-indian-forest","url":"https:\/\/camping-vendee-atlantique.com\/en\/campsite-france-nearby-indian-forest","name":"Indian Forest - CAMPING ATLANTIQUE - C\u00f4te Vend\u00e9enne","isPartOf":{"@id":"https:\/\/camping-vendee-atlantique.com\/#website"},"primaryImageOfPage":{"@id":"https:\/\/camping-vendee-atlantique.com\/en\/campsite-france-nearby-indian-forest#primaryimage"},"image":{"@id":"https:\/\/camping-vendee-atlantique.com\/en\/campsite-france-nearby-indian-forest#primaryimage"},"thumbnailUrl":"https:\/\/camping-vendee-atlantique.com\/wp-content\/uploads\/2017\/10\/Indian-forest.jpg","datePublished":"2017-10-30T16:22:21+00:00","dateModified":"2022-04-27T13:54:49+00:00","description":"Au c\u0153ur d\u2019une for\u00eat de 20ha de ch\u00eanes centenaires, le parc vous propose 4 univers pour vivre des moments de plaisir, d'\u00e9motion et de sensation. \u00c0 Indian Forest, de multiples activit\u00e9s s'offrent \u00e0 vous : Parcours Aventures, Paintball, Jeux pour enfants...","breadcrumb":{"@id":"https:\/\/camping-vendee-atlantique.com\/en\/campsite-france-nearby-indian-forest#breadcrumb"},"inLanguage":"en-US","potentialAction":[{"@type":"ReadAction","target":["https:\/\/camping-vendee-atlantique.com\/en\/campsite-france-nearby-indian-forest"]}]},{"@type":"ImageObject","inLanguage":"en-US","@id":"https:\/\/camping-vendee-atlantique.com\/en\/campsite-france-nearby-indian-forest#primaryimage","url":"https:\/\/camping-vendee-atlantique.com\/wp-content\/uploads\/2017\/10\/Indian-forest.jpg","contentUrl":"https:\/\/camping-vendee-atlantique.com\/wp-content\/uploads\/2017\/10\/Indian-forest.jpg"},{"@type":"BreadcrumbList","@id":"https:\/\/camping-vendee-atlantique.com\/en\/campsite-france-nearby-indian-forest#breadcrumb","itemListElement":[{"@type":"ListItem","position":1,"name":"Accueil","item":"https:\/\/camping-vendee-atlantique.com\/en"},{"@type":"ListItem","position":2,"name":"Adventure for all the family!"}]},{"@type":"WebSite","@id":"https:\/\/camping-vendee-atlantique.com\/#website","url":"https:\/\/camping-vendee-atlantique.com\/","name":"Camping Vend\u00e9e **** - CAMPING ATLANTIQUE - C\u00f4te Vend\u00e9enne","description":"","potentialAction":[{"@type":"SearchAction","target":{"@type":"EntryPoint","urlTemplate":"https:\/\/camping-vendee-atlantique.com\/?s={search_term_string}"},"query-input":{"@type":"PropertyValueSpecification","valueRequired":true,"valueName":"search_term_string"}}],"inLanguage":"en-US"}]}},"_links":{"self":[{"href":"https:\/\/camping-vendee-atlantique.com\/en\/wp-json\/wp\/v2\/pages\/965","targetHints":{"allow":["GET"]}}],"collection":[{"href":"https:\/\/camping-vendee-atlantique.com\/en\/wp-json\/wp\/v2\/pages"}],"about":[{"href":"https:\/\/camping-vendee-atlantique.com\/en\/wp-json\/wp\/v2\/types\/page"}],"author":[{"embeddable":true,"href":"https:\/\/camping-vendee-atlantique.com\/en\/wp-json\/wp\/v2\/users\/1"}],"replies":[{"embeddable":true,"href":"https:\/\/camping-vendee-atlantique.com\/en\/wp-json\/wp\/v2\/comments?post=965"}],"version-history":[{"count":5,"href":"https:\/\/camping-vendee-atlantique.com\/en\/wp-json\/wp\/v2\/pages\/965\/revisions"}],"predecessor-version":[{"id":10484,"href":"https:\/\/camping-vendee-atlantique.com\/en\/wp-json\/wp\/v2\/pages\/965\/revisions\/10484"}],"wp:attachment":[{"href":"https:\/\/camping-vendee-atlantique.com\/en\/wp-json\/wp\/v2\/media?parent=965"}],"curies":[{"name":"wp","href":"https:\/\/api.w.org\/{rel}","templated":true}]}}