{"id":951,"date":"2017-10-26T15:37:18","date_gmt":"2017-10-26T13:37:18","guid":{"rendered":"https:\/\/camping-vendee-atlantique.com\/camping-vendee-espace-aquatique\/"},"modified":"2022-11-15T11:53:39","modified_gmt":"2022-11-15T10:53:39","slug":"campsite-france-vendee-aquatic-area","status":"publish","type":"page","link":"https:\/\/camping-vendee-atlantique.com\/en\/campsite-france-vendee-aquatic-area","title":{"rendered":"Aquatic area"},"content":{"rendered":"<h2>Opening times: from Mail 6th to September 2nd 2023<\/h2>\n<div class=\"row \"><div class=\"col-lg-6 col-md-6 col-xs-12 col-sm-12\">\n<strong>Discover the water delights in the water park of the &#8220;Atlantique club&#8221; campsite :<\/strong><\/p>\n<p>\u21d2 440m\u00b2 of external pools being next to the 200m\u00b2 heated interior pool.<\/div>\n<div class=\"col-lg-6 col-md-12 col-xs-12 col-sm-12\">\nSwimming-pool, paddling-pool, water slides and jacuzzi for outside.<\/p>\n<p><span class=\"HwtZe\" lang=\"en\"><span class=\"jCAhz ChMk0b\"><span class=\"ryNqvb\">Slip or boxer for gentlemen, swimsuit (1 piece or two pieces) for ladies compulsory.<\/span><\/span> <span class=\"jCAhz ChMk0b\"><span class=\"ryNqvb\">Swimming shorts, male or female, as well as the burkini, whatever the variant, are not accepted.<\/span><\/span><\/span><\/div>\n<\/div>\n\n            <div id=\"sev_diaporama_portfolio1519136327\" class=\"sev_diaporama sev_diaporama_portfolio1519136327\">\n                                                                            <div class=\"row\"><div class=\"ligne col-sm-3\"><a href=\"https:\/\/camping-vendee-atlantique.com\/wp-content\/uploads\/2019\/10\/20190601_183419.jpg\" data-lightbox=\"sev_diaporama_portfolio1519136327\" style=\"background: url(https:\/\/camping-vendee-atlantique.com\/wp-content\/uploads\/2019\/10\/20190601_183419.jpg) center center; background-size: cover;\"><img decoding=\"async\" src=\"https:\/\/camping-vendee-atlantique.com\/wp-content\/uploads\/2019\/10\/20190601_183419.jpg\" alt=\"la piscine couverte du camping\"><\/a><\/div><div class=\"ligne col-sm-3\"><a href=\"https:\/\/camping-vendee-atlantique.com\/wp-content\/uploads\/2019\/10\/20190512_181456-1.jpg\" data-lightbox=\"sev_diaporama_portfolio1519136327\" style=\"background: url(https:\/\/camping-vendee-atlantique.com\/wp-content\/uploads\/2019\/10\/20190512_181456-1.jpg) center center; background-size: cover;\"><img decoding=\"async\" src=\"https:\/\/camping-vendee-atlantique.com\/wp-content\/uploads\/2019\/10\/20190512_181456-1.jpg\" alt=\"camping avec toboggan aquatique\"><\/a><\/div><div class=\"ligne col-sm-3\"><a href=\"https:\/\/camping-vendee-atlantique.com\/wp-content\/uploads\/2022\/06\/Piscine-exterieure-3.jpg\" data-lightbox=\"sev_diaporama_portfolio1519136327\" style=\"background: url(https:\/\/camping-vendee-atlantique.com\/wp-content\/uploads\/2022\/06\/Piscine-exterieure-3.jpg) center center; background-size: cover;\"><img decoding=\"async\" src=\"https:\/\/camping-vendee-atlantique.com\/wp-content\/uploads\/2022\/06\/Piscine-exterieure-3.jpg\" alt=\"piscine ext\u00e9rieure\"><\/a><\/div><div class=\"ligne col-sm-3\"><a href=\"https:\/\/camping-vendee-atlantique.com\/wp-content\/uploads\/2022\/06\/Piscine-exterieure-2019.3.jpg\" data-lightbox=\"sev_diaporama_portfolio1519136327\" style=\"background: url(https:\/\/camping-vendee-atlantique.com\/wp-content\/uploads\/2022\/06\/Piscine-exterieure-2019.3.jpg) center center; background-size: cover;\"><img decoding=\"async\" src=\"https:\/\/camping-vendee-atlantique.com\/wp-content\/uploads\/2022\/06\/Piscine-exterieure-2019.3.jpg\" alt=\"piscine ext\u00e9rieure du camping\"><\/a><\/div><\/div>                                                                                <div class=\"row\"><div class=\"ligne col-sm-2\"><a href=\"https:\/\/camping-vendee-atlantique.com\/wp-content\/uploads\/2019\/10\/20190512_181839.jpg\" data-lightbox=\"sev_diaporama_portfolio1519136327\" style=\"background: url(https:\/\/camping-vendee-atlantique.com\/wp-content\/uploads\/2019\/10\/20190512_181839.jpg) center center; background-size: cover;\"><img decoding=\"async\" src=\"https:\/\/camping-vendee-atlantique.com\/wp-content\/uploads\/2019\/10\/20190512_181839.jpg\" alt=\"piscine \"><\/a><\/div><div class=\"ligne col-sm-2\"><a href=\"https:\/\/camping-vendee-atlantique.com\/wp-content\/uploads\/2019\/10\/20190512_181923.jpg\" data-lightbox=\"sev_diaporama_portfolio1519136327\" style=\"background: url(https:\/\/camping-vendee-atlantique.com\/wp-content\/uploads\/2019\/10\/20190512_181923.jpg) center center; background-size: cover;\"><img decoding=\"async\" src=\"https:\/\/camping-vendee-atlantique.com\/wp-content\/uploads\/2019\/10\/20190512_181923.jpg\" alt=\"parc aquatique\"><\/a><\/div><div class=\"ligne col-sm-2\"><a href=\"https:\/\/camping-vendee-atlantique.com\/wp-content\/uploads\/2019\/10\/20190512_181353.jpg\" data-lightbox=\"sev_diaporama_portfolio1519136327\" style=\"background: url(https:\/\/camping-vendee-atlantique.com\/wp-content\/uploads\/2019\/10\/20190512_181353.jpg) center center; background-size: cover;\"><img decoding=\"async\" src=\"https:\/\/camping-vendee-atlantique.com\/wp-content\/uploads\/2019\/10\/20190512_181353.jpg\" alt=\"la piscine et le toboggan aquatique\"><\/a><\/div><div class=\"ligne col-sm-2\"><a href=\"https:\/\/camping-vendee-atlantique.com\/wp-content\/uploads\/2019\/10\/20190512_181321-1.jpg\" data-lightbox=\"sev_diaporama_portfolio1519136327\" style=\"background: url(https:\/\/camping-vendee-atlantique.com\/wp-content\/uploads\/2019\/10\/20190512_181321-1.jpg) center center; background-size: cover;\"><img decoding=\"async\" src=\"https:\/\/camping-vendee-atlantique.com\/wp-content\/uploads\/2019\/10\/20190512_181321-1.jpg\" alt=\"l'espace aquatique\"><\/a><\/div><div class=\"ligne col-sm-2\"><a href=\"https:\/\/camping-vendee-atlantique.com\/wp-content\/uploads\/2019\/10\/20190512_181844.jpg\" data-lightbox=\"sev_diaporama_portfolio1519136327\" style=\"background: url(https:\/\/camping-vendee-atlantique.com\/wp-content\/uploads\/2019\/10\/20190512_181844.jpg) center center; background-size: cover;\"><img decoding=\"async\" src=\"https:\/\/camping-vendee-atlantique.com\/wp-content\/uploads\/2019\/10\/20190512_181844.jpg\" alt=\"le parc aquatique du camping\"><\/a><\/div><div class=\"ligne col-sm-2\"><a href=\"https:\/\/camping-vendee-atlantique.com\/wp-content\/uploads\/2022\/06\/Piscine-exterieure-nuit.jpg\" data-lightbox=\"sev_diaporama_portfolio1519136327\" style=\"background: url(https:\/\/camping-vendee-atlantique.com\/wp-content\/uploads\/2022\/06\/Piscine-exterieure-nuit.jpg) center center; background-size: cover;\"><img decoding=\"async\" src=\"https:\/\/camping-vendee-atlantique.com\/wp-content\/uploads\/2022\/06\/Piscine-exterieure-nuit.jpg\" alt=\"espace aquatique du camping\"><\/a><\/div><\/div>                                                                                <div class=\"row\"><div class=\"ligne col-sm-3\"><a href=\"https:\/\/camping-vendee-atlantique.com\/wp-content\/uploads\/2019\/10\/20190512_181701.jpg\" data-lightbox=\"sev_diaporama_portfolio1519136327\" style=\"background: url(https:\/\/camping-vendee-atlantique.com\/wp-content\/uploads\/2019\/10\/20190512_181701.jpg) center center; background-size: cover;\"><img decoding=\"async\" src=\"https:\/\/camping-vendee-atlantique.com\/wp-content\/uploads\/2019\/10\/20190512_181701.jpg\" alt=\"camping espace piscine\"><\/a><\/div><div class=\"ligne col-sm-2\"><a href=\"https:\/\/camping-vendee-atlantique.com\/wp-content\/uploads\/2019\/10\/20190601_183150.jpg\" data-lightbox=\"sev_diaporama_portfolio1519136327\" style=\"background: url(https:\/\/camping-vendee-atlantique.com\/wp-content\/uploads\/2019\/10\/20190601_183150.jpg) center center; background-size: cover;\"><img decoding=\"async\" src=\"https:\/\/camping-vendee-atlantique.com\/wp-content\/uploads\/2019\/10\/20190601_183150.jpg\" alt=\"la piscine de la tranche sur mer\"><\/a><\/div><div class=\"ligne col-sm-2\"><a href=\"https:\/\/camping-vendee-atlantique.com\/wp-content\/uploads\/2022\/06\/Piscine-exterieure-2.jpg\" data-lightbox=\"sev_diaporama_portfolio1519136327\" style=\"background: url(https:\/\/camping-vendee-atlantique.com\/wp-content\/uploads\/2022\/06\/Piscine-exterieure-2.jpg) center center; background-size: cover;\"><img decoding=\"async\" src=\"https:\/\/camping-vendee-atlantique.com\/wp-content\/uploads\/2022\/06\/Piscine-exterieure-2.jpg\" alt=\"espace aquatique du camping\"><\/a><\/div><div class=\"ligne col-sm-2\"><a href=\"https:\/\/camping-vendee-atlantique.com\/wp-content\/uploads\/2019\/10\/20190601_183200.jpg\" data-lightbox=\"sev_diaporama_portfolio1519136327\" style=\"background: url(https:\/\/camping-vendee-atlantique.com\/wp-content\/uploads\/2019\/10\/20190601_183200.jpg) center center; background-size: cover;\"><img decoding=\"async\" src=\"https:\/\/camping-vendee-atlantique.com\/wp-content\/uploads\/2019\/10\/20190601_183200.jpg\" alt=\"camping piscine\"><\/a><\/div><\/div>                                    \n                            <\/div>\n                    <style>\n            .body-container #sev_diaporama_portfolio1519136327 {\n                width: calc( 100vw - 2rem );\n                margin-left: calc( ( (100vw - 100%) \/ (-2) ) + 1rem );\n            }\n\n            #sev_diaporama_portfolio1519136327 {\n                position: relative;\n                z-index: 1;\n                width: 100%;\n                max-height: 100%;\n            }\n\n            #sev_diaporama_portfolio1519136327 .row{\n            }\n\n                #sev_diaporama_portfolio1519136327 .ligne {\n                    height: 300px;\n                    margin: 1rem 0;\n                }\n            \n                #sev_diaporama_portfolio1519136327 a {\n                    display: block;\n                    text-indent: -99999px;\n                    overflow: hidden;\n                    height: 300px;\n                }\n\n                #sev_diaporama_portfolio1519136327 img {\n                }\n\n\n\n        <\/style>\n        \n","protected":false},"excerpt":{"rendered":"<p>Relax in our aquatic area<\/p>\n","protected":false},"author":1,"featured_media":0,"parent":0,"menu_order":0,"comment_status":"closed","ping_status":"closed","template":"","meta":{"footnotes":""},"class_list":["post-951","page","type-page","status-publish","hentry"],"yoast_head":"<!-- This site is optimized with the Yoast SEO plugin v27.5 - https:\/\/yoast.com\/product\/yoast-seo-wordpress\/ -->\n<title>Aquatic area - Camping Vend\u00e9e **** - CAMPING ATLANTIQUE - C\u00f4te Vend\u00e9enne<\/title>\n<meta name=\"robots\" content=\"index, follow, max-snippet:-1, max-image-preview:large, max-video-preview:-1\" \/>\n<link rel=\"canonical\" href=\"https:\/\/camping-vendee-atlantique.com\/en\/campsite-france-vendee-aquatic-area\" \/>\n<meta property=\"og:locale\" content=\"en_US\" \/>\n<meta property=\"og:type\" content=\"article\" \/>\n<meta property=\"og:title\" content=\"Aquatic area - Camping Vend\u00e9e **** - CAMPING ATLANTIQUE - C\u00f4te Vend\u00e9enne\" \/>\n<meta property=\"og:description\" content=\"Relax in our aquatic area\" \/>\n<meta property=\"og:url\" content=\"https:\/\/camping-vendee-atlantique.com\/en\/campsite-france-vendee-aquatic-area\" \/>\n<meta property=\"og:site_name\" content=\"Camping Vend\u00e9e **** - CAMPING ATLANTIQUE - C\u00f4te Vend\u00e9enne\" \/>\n<meta property=\"article:modified_time\" content=\"2022-11-15T10:53:39+00:00\" \/>\n<meta name=\"twitter:card\" content=\"summary_large_image\" \/>\n<meta name=\"twitter:label1\" content=\"Est. reading time\" \/>\n\t<meta name=\"twitter:data1\" content=\"1 minute\" \/>\n<script type=\"application\/ld+json\" class=\"yoast-schema-graph\">{\"@context\":\"https:\\\/\\\/schema.org\",\"@graph\":[{\"@type\":\"WebPage\",\"@id\":\"https:\\\/\\\/camping-vendee-atlantique.com\\\/en\\\/campsite-france-vendee-aquatic-area\",\"url\":\"https:\\\/\\\/camping-vendee-atlantique.com\\\/en\\\/campsite-france-vendee-aquatic-area\",\"name\":\"Aquatic area - Camping Vend\u00e9e **** - CAMPING ATLANTIQUE - C\u00f4te Vend\u00e9enne\",\"isPartOf\":{\"@id\":\"https:\\\/\\\/camping-vendee-atlantique.com\\\/#website\"},\"datePublished\":\"2017-10-26T13:37:18+00:00\",\"dateModified\":\"2022-11-15T10:53:39+00:00\",\"breadcrumb\":{\"@id\":\"https:\\\/\\\/camping-vendee-atlantique.com\\\/en\\\/campsite-france-vendee-aquatic-area#breadcrumb\"},\"inLanguage\":\"en-US\",\"potentialAction\":[{\"@type\":\"ReadAction\",\"target\":[\"https:\\\/\\\/camping-vendee-atlantique.com\\\/en\\\/campsite-france-vendee-aquatic-area\"]}]},{\"@type\":\"BreadcrumbList\",\"@id\":\"https:\\\/\\\/camping-vendee-atlantique.com\\\/en\\\/campsite-france-vendee-aquatic-area#breadcrumb\",\"itemListElement\":[{\"@type\":\"ListItem\",\"position\":1,\"name\":\"Accueil\",\"item\":\"https:\\\/\\\/camping-vendee-atlantique.com\\\/en\"},{\"@type\":\"ListItem\",\"position\":2,\"name\":\"Aquatic area\"}]},{\"@type\":\"WebSite\",\"@id\":\"https:\\\/\\\/camping-vendee-atlantique.com\\\/#website\",\"url\":\"https:\\\/\\\/camping-vendee-atlantique.com\\\/\",\"name\":\"Camping Vend\u00e9e **** - CAMPING ATLANTIQUE - C\u00f4te Vend\u00e9enne\",\"description\":\"\",\"potentialAction\":[{\"@type\":\"SearchAction\",\"target\":{\"@type\":\"EntryPoint\",\"urlTemplate\":\"https:\\\/\\\/camping-vendee-atlantique.com\\\/?s={search_term_string}\"},\"query-input\":{\"@type\":\"PropertyValueSpecification\",\"valueRequired\":true,\"valueName\":\"search_term_string\"}}],\"inLanguage\":\"en-US\"}]}<\/script>\n<!-- \/ Yoast SEO plugin. -->","yoast_head_json":{"title":"Aquatic area - Camping Vend\u00e9e **** - CAMPING ATLANTIQUE - C\u00f4te Vend\u00e9enne","robots":{"index":"index","follow":"follow","max-snippet":"max-snippet:-1","max-image-preview":"max-image-preview:large","max-video-preview":"max-video-preview:-1"},"canonical":"https:\/\/camping-vendee-atlantique.com\/en\/campsite-france-vendee-aquatic-area","og_locale":"en_US","og_type":"article","og_title":"Aquatic area - Camping Vend\u00e9e **** - CAMPING ATLANTIQUE - C\u00f4te Vend\u00e9enne","og_description":"Relax in our aquatic area","og_url":"https:\/\/camping-vendee-atlantique.com\/en\/campsite-france-vendee-aquatic-area","og_site_name":"Camping Vend\u00e9e **** - CAMPING ATLANTIQUE - C\u00f4te Vend\u00e9enne","article_modified_time":"2022-11-15T10:53:39+00:00","twitter_card":"summary_large_image","twitter_misc":{"Est. reading time":"1 minute"},"schema":{"@context":"https:\/\/schema.org","@graph":[{"@type":"WebPage","@id":"https:\/\/camping-vendee-atlantique.com\/en\/campsite-france-vendee-aquatic-area","url":"https:\/\/camping-vendee-atlantique.com\/en\/campsite-france-vendee-aquatic-area","name":"Aquatic area - Camping Vend\u00e9e **** - CAMPING ATLANTIQUE - C\u00f4te Vend\u00e9enne","isPartOf":{"@id":"https:\/\/camping-vendee-atlantique.com\/#website"},"datePublished":"2017-10-26T13:37:18+00:00","dateModified":"2022-11-15T10:53:39+00:00","breadcrumb":{"@id":"https:\/\/camping-vendee-atlantique.com\/en\/campsite-france-vendee-aquatic-area#breadcrumb"},"inLanguage":"en-US","potentialAction":[{"@type":"ReadAction","target":["https:\/\/camping-vendee-atlantique.com\/en\/campsite-france-vendee-aquatic-area"]}]},{"@type":"BreadcrumbList","@id":"https:\/\/camping-vendee-atlantique.com\/en\/campsite-france-vendee-aquatic-area#breadcrumb","itemListElement":[{"@type":"ListItem","position":1,"name":"Accueil","item":"https:\/\/camping-vendee-atlantique.com\/en"},{"@type":"ListItem","position":2,"name":"Aquatic area"}]},{"@type":"WebSite","@id":"https:\/\/camping-vendee-atlantique.com\/#website","url":"https:\/\/camping-vendee-atlantique.com\/","name":"Camping Vend\u00e9e **** - CAMPING ATLANTIQUE - C\u00f4te Vend\u00e9enne","description":"","potentialAction":[{"@type":"SearchAction","target":{"@type":"EntryPoint","urlTemplate":"https:\/\/camping-vendee-atlantique.com\/?s={search_term_string}"},"query-input":{"@type":"PropertyValueSpecification","valueRequired":true,"valueName":"search_term_string"}}],"inLanguage":"en-US"}]}},"_links":{"self":[{"href":"https:\/\/camping-vendee-atlantique.com\/en\/wp-json\/wp\/v2\/pages\/951","targetHints":{"allow":["GET"]}}],"collection":[{"href":"https:\/\/camping-vendee-atlantique.com\/en\/wp-json\/wp\/v2\/pages"}],"about":[{"href":"https:\/\/camping-vendee-atlantique.com\/en\/wp-json\/wp\/v2\/types\/page"}],"author":[{"embeddable":true,"href":"https:\/\/camping-vendee-atlantique.com\/en\/wp-json\/wp\/v2\/users\/1"}],"replies":[{"embeddable":true,"href":"https:\/\/camping-vendee-atlantique.com\/en\/wp-json\/wp\/v2\/comments?post=951"}],"version-history":[{"count":8,"href":"https:\/\/camping-vendee-atlantique.com\/en\/wp-json\/wp\/v2\/pages\/951\/revisions"}],"predecessor-version":[{"id":11429,"href":"https:\/\/camping-vendee-atlantique.com\/en\/wp-json\/wp\/v2\/pages\/951\/revisions\/11429"}],"wp:attachment":[{"href":"https:\/\/camping-vendee-atlantique.com\/en\/wp-json\/wp\/v2\/media?parent=951"}],"curies":[{"name":"wp","href":"https:\/\/api.w.org\/{rel}","templated":true}]}}