{"id":944,"date":"2017-10-24T14:37:47","date_gmt":"2017-10-24T12:37:47","guid":{"rendered":"https:\/\/camping-vendee-atlantique.com\/camping-vendee-contact\/"},"modified":"2018-02-01T09:18:09","modified_gmt":"2018-02-01T08:18:09","slug":"campsite-france-vendee-contact","status":"publish","type":"page","link":"https:\/\/camping-vendee-atlantique.com\/en\/campsite-france-vendee-contact","title":{"rendered":"Contact"},"content":{"rendered":"<p style=\"text-align: center;\">So that we can best respond to your request,<br \/>\nplease fill out the form below carefully with your personal details.<br \/>\nWe will contact you as soon as possible.<\/p>\n<p><iframe loading=\"lazy\" style=\"width: 100%; min-height: 600px;\" src=\"http:\/\/infonet.thelis.fr\/en-default-527.infonet\" width=\"300\" height=\"150\"><\/iframe><\/p>\n<p>*Obligatory<\/p>\n","protected":false},"excerpt":{"rendered":"<p>So that we can best respond to your request, please fill out the form below carefully with your personal details. We will contact you as soon as possible. *Obligatory<\/p>\n","protected":false},"author":1,"featured_media":0,"parent":0,"menu_order":0,"comment_status":"closed","ping_status":"closed","template":"","meta":{"footnotes":""},"class_list":["post-944","page","type-page","status-publish","hentry"],"yoast_head":"<!-- This site is optimized with the Yoast SEO plugin v27.4 - https:\/\/yoast.com\/product\/yoast-seo-wordpress\/ -->\n<title>Contact - Camping Vend\u00e9e **** - CAMPING ATLANTIQUE - C\u00f4te Vend\u00e9enne<\/title>\n<meta name=\"robots\" content=\"index, follow, max-snippet:-1, max-image-preview:large, max-video-preview:-1\" \/>\n<link rel=\"canonical\" href=\"https:\/\/camping-vendee-atlantique.com\/en\/campsite-france-vendee-contact\" \/>\n<meta property=\"og:locale\" content=\"en_US\" \/>\n<meta property=\"og:type\" content=\"article\" \/>\n<meta property=\"og:title\" content=\"Contact - Camping Vend\u00e9e **** - CAMPING ATLANTIQUE - C\u00f4te Vend\u00e9enne\" \/>\n<meta property=\"og:description\" content=\"So that we can best respond to your request, please fill out the form below carefully with your personal details. We will contact you as soon as possible. *Obligatory\" \/>\n<meta property=\"og:url\" content=\"https:\/\/camping-vendee-atlantique.com\/en\/campsite-france-vendee-contact\" \/>\n<meta property=\"og:site_name\" content=\"Camping Vend\u00e9e **** - CAMPING ATLANTIQUE - C\u00f4te Vend\u00e9enne\" \/>\n<meta property=\"article:modified_time\" content=\"2018-02-01T08:18:09+00:00\" \/>\n<meta name=\"twitter:card\" content=\"summary_large_image\" \/>\n<script type=\"application\/ld+json\" class=\"yoast-schema-graph\">{\"@context\":\"https:\\\/\\\/schema.org\",\"@graph\":[{\"@type\":\"WebPage\",\"@id\":\"https:\\\/\\\/camping-vendee-atlantique.com\\\/en\\\/campsite-france-vendee-contact\",\"url\":\"https:\\\/\\\/camping-vendee-atlantique.com\\\/en\\\/campsite-france-vendee-contact\",\"name\":\"Contact - Camping Vend\u00e9e **** - CAMPING ATLANTIQUE - C\u00f4te Vend\u00e9enne\",\"isPartOf\":{\"@id\":\"https:\\\/\\\/camping-vendee-atlantique.com\\\/#website\"},\"datePublished\":\"2017-10-24T12:37:47+00:00\",\"dateModified\":\"2018-02-01T08:18:09+00:00\",\"breadcrumb\":{\"@id\":\"https:\\\/\\\/camping-vendee-atlantique.com\\\/en\\\/campsite-france-vendee-contact#breadcrumb\"},\"inLanguage\":\"en-US\",\"potentialAction\":[{\"@type\":\"ReadAction\",\"target\":[\"https:\\\/\\\/camping-vendee-atlantique.com\\\/en\\\/campsite-france-vendee-contact\"]}]},{\"@type\":\"BreadcrumbList\",\"@id\":\"https:\\\/\\\/camping-vendee-atlantique.com\\\/en\\\/campsite-france-vendee-contact#breadcrumb\",\"itemListElement\":[{\"@type\":\"ListItem\",\"position\":1,\"name\":\"Accueil\",\"item\":\"https:\\\/\\\/camping-vendee-atlantique.com\\\/en\"},{\"@type\":\"ListItem\",\"position\":2,\"name\":\"Contact\"}]},{\"@type\":\"WebSite\",\"@id\":\"https:\\\/\\\/camping-vendee-atlantique.com\\\/#website\",\"url\":\"https:\\\/\\\/camping-vendee-atlantique.com\\\/\",\"name\":\"Camping Vend\u00e9e **** - CAMPING ATLANTIQUE - C\u00f4te Vend\u00e9enne\",\"description\":\"\",\"potentialAction\":[{\"@type\":\"SearchAction\",\"target\":{\"@type\":\"EntryPoint\",\"urlTemplate\":\"https:\\\/\\\/camping-vendee-atlantique.com\\\/?s={search_term_string}\"},\"query-input\":{\"@type\":\"PropertyValueSpecification\",\"valueRequired\":true,\"valueName\":\"search_term_string\"}}],\"inLanguage\":\"en-US\"}]}<\/script>\n<!-- \/ Yoast SEO plugin. -->","yoast_head_json":{"title":"Contact - Camping Vend\u00e9e **** - CAMPING ATLANTIQUE - C\u00f4te Vend\u00e9enne","robots":{"index":"index","follow":"follow","max-snippet":"max-snippet:-1","max-image-preview":"max-image-preview:large","max-video-preview":"max-video-preview:-1"},"canonical":"https:\/\/camping-vendee-atlantique.com\/en\/campsite-france-vendee-contact","og_locale":"en_US","og_type":"article","og_title":"Contact - Camping Vend\u00e9e **** - CAMPING ATLANTIQUE - C\u00f4te Vend\u00e9enne","og_description":"So that we can best respond to your request, please fill out the form below carefully with your personal details. We will contact you as soon as possible. *Obligatory","og_url":"https:\/\/camping-vendee-atlantique.com\/en\/campsite-france-vendee-contact","og_site_name":"Camping Vend\u00e9e **** - CAMPING ATLANTIQUE - C\u00f4te Vend\u00e9enne","article_modified_time":"2018-02-01T08:18:09+00:00","twitter_card":"summary_large_image","schema":{"@context":"https:\/\/schema.org","@graph":[{"@type":"WebPage","@id":"https:\/\/camping-vendee-atlantique.com\/en\/campsite-france-vendee-contact","url":"https:\/\/camping-vendee-atlantique.com\/en\/campsite-france-vendee-contact","name":"Contact - Camping Vend\u00e9e **** - CAMPING ATLANTIQUE - C\u00f4te Vend\u00e9enne","isPartOf":{"@id":"https:\/\/camping-vendee-atlantique.com\/#website"},"datePublished":"2017-10-24T12:37:47+00:00","dateModified":"2018-02-01T08:18:09+00:00","breadcrumb":{"@id":"https:\/\/camping-vendee-atlantique.com\/en\/campsite-france-vendee-contact#breadcrumb"},"inLanguage":"en-US","potentialAction":[{"@type":"ReadAction","target":["https:\/\/camping-vendee-atlantique.com\/en\/campsite-france-vendee-contact"]}]},{"@type":"BreadcrumbList","@id":"https:\/\/camping-vendee-atlantique.com\/en\/campsite-france-vendee-contact#breadcrumb","itemListElement":[{"@type":"ListItem","position":1,"name":"Accueil","item":"https:\/\/camping-vendee-atlantique.com\/en"},{"@type":"ListItem","position":2,"name":"Contact"}]},{"@type":"WebSite","@id":"https:\/\/camping-vendee-atlantique.com\/#website","url":"https:\/\/camping-vendee-atlantique.com\/","name":"Camping Vend\u00e9e **** - CAMPING ATLANTIQUE - C\u00f4te Vend\u00e9enne","description":"","potentialAction":[{"@type":"SearchAction","target":{"@type":"EntryPoint","urlTemplate":"https:\/\/camping-vendee-atlantique.com\/?s={search_term_string}"},"query-input":{"@type":"PropertyValueSpecification","valueRequired":true,"valueName":"search_term_string"}}],"inLanguage":"en-US"}]}},"_links":{"self":[{"href":"https:\/\/camping-vendee-atlantique.com\/en\/wp-json\/wp\/v2\/pages\/944","targetHints":{"allow":["GET"]}}],"collection":[{"href":"https:\/\/camping-vendee-atlantique.com\/en\/wp-json\/wp\/v2\/pages"}],"about":[{"href":"https:\/\/camping-vendee-atlantique.com\/en\/wp-json\/wp\/v2\/types\/page"}],"author":[{"embeddable":true,"href":"https:\/\/camping-vendee-atlantique.com\/en\/wp-json\/wp\/v2\/users\/1"}],"replies":[{"embeddable":true,"href":"https:\/\/camping-vendee-atlantique.com\/en\/wp-json\/wp\/v2\/comments?post=944"}],"version-history":[{"count":3,"href":"https:\/\/camping-vendee-atlantique.com\/en\/wp-json\/wp\/v2\/pages\/944\/revisions"}],"predecessor-version":[{"id":1959,"href":"https:\/\/camping-vendee-atlantique.com\/en\/wp-json\/wp\/v2\/pages\/944\/revisions\/1959"}],"wp:attachment":[{"href":"https:\/\/camping-vendee-atlantique.com\/en\/wp-json\/wp\/v2\/media?parent=944"}],"curies":[{"name":"wp","href":"https:\/\/api.w.org\/{rel}","templated":true}]}}