{"id":1014,"date":"2017-10-31T16:04:40","date_gmt":"2017-10-31T15:04:40","guid":{"rendered":"https:\/\/camping-vendee-atlantique.com\/vente-de-mobil-homes\/"},"modified":"2022-04-27T14:25:55","modified_gmt":"2022-04-27T12:25:55","slug":"mobile-home-selling","status":"publish","type":"page","link":"https:\/\/camping-vendee-atlantique.com\/en\/mobile-home-selling","title":{"rendered":"Mobile-home selling"},"content":{"rendered":"<h2>Become an owner<\/h2>\n<p>Have a quality holiday residence and benefit of an environment with full of entertainment, regrouping swimming-pool, sport facilities, restauration and activities.<\/p>\n<p>\u2022 A pied-\u00e0-terre on the Atlantic coast<br \/>\n\u2022 Mobile home delivred equipped, connected with security control<\/p>\n<p><span lang=\"EN\"><br \/>\nEXPO &#8211; SALE ON SITE &#8211; NEWS AND OPPORTUNITIES<\/span><\/p>\n<p>&nbsp;<\/p>\n","protected":false},"excerpt":{"rendered":"<p>Dispose of your holiday home and escape when you want<\/p>\n","protected":false},"author":1,"featured_media":0,"parent":0,"menu_order":0,"comment_status":"closed","ping_status":"closed","template":"","meta":{"footnotes":""},"class_list":["post-1014","page","type-page","status-publish","hentry"],"yoast_head":"<!-- This site is optimized with the Yoast SEO plugin v27.4 - https:\/\/yoast.com\/product\/yoast-seo-wordpress\/ -->\n<title>Devenez propri\u00e9taire Vend\u00e9e - CAMPING ATLANTIQUE - C\u00f4te Vend\u00e9enne<\/title>\n<meta name=\"description\" content=\"Camping Vend\u00e9e avec devenez propri\u00e9taire, entre la Tranche sur Mer et Jard sur Mer, le camping Atlantique **** avec sa piscine couverte chauff\u00e9e, face \u00e0 l&#039;Ile de R\u00e9 en Sud Vend\u00e9e, vous propose de la location de mobil-homes ou de chalets\" \/>\n<meta name=\"robots\" content=\"index, follow, max-snippet:-1, max-image-preview:large, max-video-preview:-1\" \/>\n<link rel=\"canonical\" href=\"https:\/\/camping-vendee-atlantique.com\/en\/mobile-home-selling\" \/>\n<meta property=\"og:locale\" content=\"en_US\" \/>\n<meta property=\"og:type\" content=\"article\" \/>\n<meta property=\"og:title\" content=\"Devenez propri\u00e9taire Vend\u00e9e - CAMPING ATLANTIQUE - C\u00f4te Vend\u00e9enne\" \/>\n<meta property=\"og:description\" content=\"Camping Vend\u00e9e avec devenez propri\u00e9taire, entre la Tranche sur Mer et Jard sur Mer, le camping Atlantique **** avec sa piscine couverte chauff\u00e9e, face \u00e0 l&#039;Ile de R\u00e9 en Sud Vend\u00e9e, vous propose de la location de mobil-homes ou de chalets\" \/>\n<meta property=\"og:url\" content=\"https:\/\/camping-vendee-atlantique.com\/en\/mobile-home-selling\" \/>\n<meta property=\"og:site_name\" content=\"Camping Vend\u00e9e **** - CAMPING ATLANTIQUE - C\u00f4te Vend\u00e9enne\" \/>\n<meta property=\"article:modified_time\" content=\"2022-04-27T12:25:55+00:00\" \/>\n<meta name=\"twitter:card\" content=\"summary_large_image\" \/>\n<script type=\"application\/ld+json\" class=\"yoast-schema-graph\">{\"@context\":\"https:\\\/\\\/schema.org\",\"@graph\":[{\"@type\":\"WebPage\",\"@id\":\"https:\\\/\\\/camping-vendee-atlantique.com\\\/en\\\/mobile-home-selling\",\"url\":\"https:\\\/\\\/camping-vendee-atlantique.com\\\/en\\\/mobile-home-selling\",\"name\":\"Devenez propri\u00e9taire Vend\u00e9e - CAMPING ATLANTIQUE - C\u00f4te Vend\u00e9enne\",\"isPartOf\":{\"@id\":\"https:\\\/\\\/camping-vendee-atlantique.com\\\/#website\"},\"datePublished\":\"2017-10-31T15:04:40+00:00\",\"dateModified\":\"2022-04-27T12:25:55+00:00\",\"description\":\"Camping Vend\u00e9e avec devenez propri\u00e9taire, entre la Tranche sur Mer et Jard sur Mer, le camping Atlantique **** avec sa piscine couverte chauff\u00e9e, face \u00e0 l'Ile de R\u00e9 en Sud Vend\u00e9e, vous propose de la location de mobil-homes ou de chalets\",\"breadcrumb\":{\"@id\":\"https:\\\/\\\/camping-vendee-atlantique.com\\\/en\\\/mobile-home-selling#breadcrumb\"},\"inLanguage\":\"en-US\",\"potentialAction\":[{\"@type\":\"ReadAction\",\"target\":[\"https:\\\/\\\/camping-vendee-atlantique.com\\\/en\\\/mobile-home-selling\"]}]},{\"@type\":\"BreadcrumbList\",\"@id\":\"https:\\\/\\\/camping-vendee-atlantique.com\\\/en\\\/mobile-home-selling#breadcrumb\",\"itemListElement\":[{\"@type\":\"ListItem\",\"position\":1,\"name\":\"Accueil\",\"item\":\"https:\\\/\\\/camping-vendee-atlantique.com\\\/en\"},{\"@type\":\"ListItem\",\"position\":2,\"name\":\"Mobile-home selling\"}]},{\"@type\":\"WebSite\",\"@id\":\"https:\\\/\\\/camping-vendee-atlantique.com\\\/#website\",\"url\":\"https:\\\/\\\/camping-vendee-atlantique.com\\\/\",\"name\":\"Camping Vend\u00e9e **** - CAMPING ATLANTIQUE - C\u00f4te Vend\u00e9enne\",\"description\":\"\",\"potentialAction\":[{\"@type\":\"SearchAction\",\"target\":{\"@type\":\"EntryPoint\",\"urlTemplate\":\"https:\\\/\\\/camping-vendee-atlantique.com\\\/?s={search_term_string}\"},\"query-input\":{\"@type\":\"PropertyValueSpecification\",\"valueRequired\":true,\"valueName\":\"search_term_string\"}}],\"inLanguage\":\"en-US\"}]}<\/script>\n<!-- \/ Yoast SEO plugin. -->","yoast_head_json":{"title":"Devenez propri\u00e9taire Vend\u00e9e - CAMPING ATLANTIQUE - C\u00f4te Vend\u00e9enne","description":"Camping Vend\u00e9e avec devenez propri\u00e9taire, entre la Tranche sur Mer et Jard sur Mer, le camping Atlantique **** avec sa piscine couverte chauff\u00e9e, face \u00e0 l'Ile de R\u00e9 en Sud Vend\u00e9e, vous propose de la location de mobil-homes ou de chalets","robots":{"index":"index","follow":"follow","max-snippet":"max-snippet:-1","max-image-preview":"max-image-preview:large","max-video-preview":"max-video-preview:-1"},"canonical":"https:\/\/camping-vendee-atlantique.com\/en\/mobile-home-selling","og_locale":"en_US","og_type":"article","og_title":"Devenez propri\u00e9taire Vend\u00e9e - CAMPING ATLANTIQUE - C\u00f4te Vend\u00e9enne","og_description":"Camping Vend\u00e9e avec devenez propri\u00e9taire, entre la Tranche sur Mer et Jard sur Mer, le camping Atlantique **** avec sa piscine couverte chauff\u00e9e, face \u00e0 l'Ile de R\u00e9 en Sud Vend\u00e9e, vous propose de la location de mobil-homes ou de chalets","og_url":"https:\/\/camping-vendee-atlantique.com\/en\/mobile-home-selling","og_site_name":"Camping Vend\u00e9e **** - CAMPING ATLANTIQUE - C\u00f4te Vend\u00e9enne","article_modified_time":"2022-04-27T12:25:55+00:00","twitter_card":"summary_large_image","schema":{"@context":"https:\/\/schema.org","@graph":[{"@type":"WebPage","@id":"https:\/\/camping-vendee-atlantique.com\/en\/mobile-home-selling","url":"https:\/\/camping-vendee-atlantique.com\/en\/mobile-home-selling","name":"Devenez propri\u00e9taire Vend\u00e9e - CAMPING ATLANTIQUE - C\u00f4te Vend\u00e9enne","isPartOf":{"@id":"https:\/\/camping-vendee-atlantique.com\/#website"},"datePublished":"2017-10-31T15:04:40+00:00","dateModified":"2022-04-27T12:25:55+00:00","description":"Camping Vend\u00e9e avec devenez propri\u00e9taire, entre la Tranche sur Mer et Jard sur Mer, le camping Atlantique **** avec sa piscine couverte chauff\u00e9e, face \u00e0 l'Ile de R\u00e9 en Sud Vend\u00e9e, vous propose de la location de mobil-homes ou de chalets","breadcrumb":{"@id":"https:\/\/camping-vendee-atlantique.com\/en\/mobile-home-selling#breadcrumb"},"inLanguage":"en-US","potentialAction":[{"@type":"ReadAction","target":["https:\/\/camping-vendee-atlantique.com\/en\/mobile-home-selling"]}]},{"@type":"BreadcrumbList","@id":"https:\/\/camping-vendee-atlantique.com\/en\/mobile-home-selling#breadcrumb","itemListElement":[{"@type":"ListItem","position":1,"name":"Accueil","item":"https:\/\/camping-vendee-atlantique.com\/en"},{"@type":"ListItem","position":2,"name":"Mobile-home selling"}]},{"@type":"WebSite","@id":"https:\/\/camping-vendee-atlantique.com\/#website","url":"https:\/\/camping-vendee-atlantique.com\/","name":"Camping Vend\u00e9e **** - CAMPING ATLANTIQUE - C\u00f4te Vend\u00e9enne","description":"","potentialAction":[{"@type":"SearchAction","target":{"@type":"EntryPoint","urlTemplate":"https:\/\/camping-vendee-atlantique.com\/?s={search_term_string}"},"query-input":{"@type":"PropertyValueSpecification","valueRequired":true,"valueName":"search_term_string"}}],"inLanguage":"en-US"}]}},"_links":{"self":[{"href":"https:\/\/camping-vendee-atlantique.com\/en\/wp-json\/wp\/v2\/pages\/1014","targetHints":{"allow":["GET"]}}],"collection":[{"href":"https:\/\/camping-vendee-atlantique.com\/en\/wp-json\/wp\/v2\/pages"}],"about":[{"href":"https:\/\/camping-vendee-atlantique.com\/en\/wp-json\/wp\/v2\/types\/page"}],"author":[{"embeddable":true,"href":"https:\/\/camping-vendee-atlantique.com\/en\/wp-json\/wp\/v2\/users\/1"}],"replies":[{"embeddable":true,"href":"https:\/\/camping-vendee-atlantique.com\/en\/wp-json\/wp\/v2\/comments?post=1014"}],"version-history":[{"count":8,"href":"https:\/\/camping-vendee-atlantique.com\/en\/wp-json\/wp\/v2\/pages\/1014\/revisions"}],"predecessor-version":[{"id":10465,"href":"https:\/\/camping-vendee-atlantique.com\/en\/wp-json\/wp\/v2\/pages\/1014\/revisions\/10465"}],"wp:attachment":[{"href":"https:\/\/camping-vendee-atlantique.com\/en\/wp-json\/wp\/v2\/media?parent=1014"}],"curies":[{"name":"wp","href":"https:\/\/api.w.org\/{rel}","templated":true}]}}