{"id":1011,"date":"2017-10-26T14:43:34","date_gmt":"2017-10-26T12:43:34","guid":{"rendered":"https:\/\/camping-vendee-atlantique.com\/camping-vendee-service\/"},"modified":"2022-11-15T10:45:59","modified_gmt":"2022-11-15T09:45:59","slug":"campsite-france-vendee-services","status":"publish","type":"page","link":"https:\/\/camping-vendee-atlantique.com\/en\/campsite-france-vendee-services","title":{"rendered":"Services"},"content":{"rendered":"<div class=\"article\">\n<h2>One of the most comfortable CAMPSITES of Vend\u00e9e.<\/h2>\n<div class=\"row \"><div class=\"col-lg-6 col-md-6 col-xs-12 col-sm-12\"><\/p>\n<p><strong>Opening from 06th Mai to 02nd September 2023<\/strong><\/p>\n<p><strong>On the spot :<\/strong> Bar\/restaurant, bread supply, laundry, collective coal-fired barbecues,&#8230;<br \/>\nOutdoor fitness, city stade, children&#8217;s playground, p\u00e9tanque field, table tennis.<br \/>\nElectronic games, table-football, billiard table in the restaurant.<\/p>\n<p><img loading=\"lazy\" decoding=\"async\" class=\"alignnone wp-image-5632\" src=\"https:\/\/camping-vendee-atlantique.com\/wp-content\/uploads\/2018\/12\/part-wifi.png\" alt=\"\" width=\"55\" height=\"39\" \/><strong>Internet : <\/strong>The WiFi is available from each pitch. Our partner Osmozis makes different packages available according to the duration of your stay and the number of devices to connect. To consult the fee schedule, click <a href=\"https:\/\/camping-vendee-atlantique.com\/wp-content\/uploads\/2018\/12\/Tarifs-Osmozis-2019.pdf\" target=\"_blank\" rel=\"noopener\">here<\/a>.<\/p>\n<p>&nbsp;<\/p>\n<p><strong>In July and August, from Monday to Friday : <\/strong>Kids&#8217; club from 6 to 10 years old only in the morning and teenagers\/adults untertainments in the afternoon.<\/p>\n<p>&nbsp;<\/p>\n<p><strong>In the heart of the village, 300 m away :<\/strong> Shops, medical practice, dentists, firemen, veterinary&#8230;<\/p>\n<p><\/div>\n<\/div>\n\n            <div id=\"sev_diaporama_portfolio1562691793\" class=\"sev_diaporama sev_diaporama_portfolio1562691793\">\n                                                                            <div class=\"row\"><div class=\"ligne col-sm-2\"><a href=\"https:\/\/camping-vendee-atlantique.com\/wp-content\/uploads\/2018\/10\/Copyright_IDECLIC_ATLANTIQUE_2018_SNACK_91.jpg\" data-lightbox=\"sev_diaporama_portfolio1562691793\" style=\"background: url(https:\/\/camping-vendee-atlantique.com\/wp-content\/uploads\/2018\/10\/Copyright_IDECLIC_ATLANTIQUE_2018_SNACK_91.jpg) center center; background-size: cover;\"><img decoding=\"async\" src=\"https:\/\/camping-vendee-atlantique.com\/wp-content\/uploads\/2018\/10\/Copyright_IDECLIC_ATLANTIQUE_2018_SNACK_91.jpg\" alt=\"\"><\/a><\/div><div class=\"ligne col-sm-3\"><a href=\"https:\/\/camping-vendee-atlantique.com\/wp-content\/uploads\/2018\/10\/Copyright_IDECLIC_ATLANTIQUE_2018_FITNESS_74.jpg\" data-lightbox=\"sev_diaporama_portfolio1562691793\" style=\"background: url(https:\/\/camping-vendee-atlantique.com\/wp-content\/uploads\/2018\/10\/Copyright_IDECLIC_ATLANTIQUE_2018_FITNESS_74.jpg) center center; background-size: cover;\"><img decoding=\"async\" src=\"https:\/\/camping-vendee-atlantique.com\/wp-content\/uploads\/2018\/10\/Copyright_IDECLIC_ATLANTIQUE_2018_FITNESS_74.jpg\" alt=\"\"><\/a><\/div><div class=\"ligne col-sm-2\"><a href=\"https:\/\/camping-vendee-atlantique.com\/wp-content\/uploads\/2018\/10\/IMG-6936.jpg\" data-lightbox=\"sev_diaporama_portfolio1562691793\" style=\"background: url(https:\/\/camping-vendee-atlantique.com\/wp-content\/uploads\/2018\/10\/IMG-6936.jpg) center center; background-size: cover;\"><img decoding=\"async\" src=\"https:\/\/camping-vendee-atlantique.com\/wp-content\/uploads\/2018\/10\/IMG-6936.jpg\" alt=\"\"><\/a><\/div><\/div>                                                                        \n                            <\/div>\n                    <style>\n            .body-container #sev_diaporama_portfolio1562691793 {\n                width: calc( 100vw - 2rem );\n                margin-left: calc( ( (100vw - 100%) \/ (-2) ) + 1rem );\n            }\n\n            #sev_diaporama_portfolio1562691793 {\n                position: relative;\n                z-index: 1;\n                width: 100%;\n                max-height: 100%;\n            }\n\n            #sev_diaporama_portfolio1562691793 .row{\n            }\n\n                #sev_diaporama_portfolio1562691793 .ligne {\n                    height: 300px;\n                    margin: 1rem 0;\n                }\n            \n                #sev_diaporama_portfolio1562691793 a {\n                    display: block;\n                    text-indent: -99999px;\n                    overflow: hidden;\n                    height: 300px;\n                }\n\n                #sev_diaporama_portfolio1562691793 img {\n                }\n\n\n\n        <\/style>\n        \n<\/div>\n","protected":false},"excerpt":{"rendered":"<p>One of the most comfortable CAMPSITES of Vend\u00e9e.<\/p>\n","protected":false},"author":1,"featured_media":0,"parent":0,"menu_order":0,"comment_status":"closed","ping_status":"closed","template":"","meta":{"footnotes":""},"class_list":["post-1011","page","type-page","status-publish","hentry"],"yoast_head":"<!-- This site is optimized with the Yoast SEO plugin v27.4 - https:\/\/yoast.com\/product\/yoast-seo-wordpress\/ -->\n<title>Services - Camping Vend\u00e9e **** - CAMPING ATLANTIQUE - C\u00f4te Vend\u00e9enne<\/title>\n<meta name=\"robots\" content=\"index, follow, max-snippet:-1, max-image-preview:large, max-video-preview:-1\" \/>\n<link rel=\"canonical\" href=\"https:\/\/camping-vendee-atlantique.com\/en\/campsite-france-vendee-services\" \/>\n<meta property=\"og:locale\" content=\"en_US\" \/>\n<meta property=\"og:type\" content=\"article\" \/>\n<meta property=\"og:title\" content=\"Services - Camping Vend\u00e9e **** - CAMPING ATLANTIQUE - C\u00f4te Vend\u00e9enne\" \/>\n<meta property=\"og:description\" content=\"One of the most comfortable CAMPSITES of Vend\u00e9e.\" \/>\n<meta property=\"og:url\" content=\"https:\/\/camping-vendee-atlantique.com\/en\/campsite-france-vendee-services\" \/>\n<meta property=\"og:site_name\" content=\"Camping Vend\u00e9e **** - CAMPING ATLANTIQUE - C\u00f4te Vend\u00e9enne\" \/>\n<meta property=\"article:modified_time\" content=\"2022-11-15T09:45:59+00:00\" \/>\n<meta property=\"og:image\" content=\"https:\/\/camping-vendee-atlantique.com\/wp-content\/uploads\/2018\/12\/part-wifi.png\" \/>\n<meta name=\"twitter:card\" content=\"summary_large_image\" \/>\n<meta name=\"twitter:label1\" content=\"Est. reading time\" \/>\n\t<meta name=\"twitter:data1\" content=\"1 minute\" \/>\n<script type=\"application\/ld+json\" class=\"yoast-schema-graph\">{\"@context\":\"https:\\\/\\\/schema.org\",\"@graph\":[{\"@type\":\"WebPage\",\"@id\":\"https:\\\/\\\/camping-vendee-atlantique.com\\\/en\\\/campsite-france-vendee-services\",\"url\":\"https:\\\/\\\/camping-vendee-atlantique.com\\\/en\\\/campsite-france-vendee-services\",\"name\":\"Services - Camping Vend\u00e9e **** - CAMPING ATLANTIQUE - C\u00f4te Vend\u00e9enne\",\"isPartOf\":{\"@id\":\"https:\\\/\\\/camping-vendee-atlantique.com\\\/#website\"},\"primaryImageOfPage\":{\"@id\":\"https:\\\/\\\/camping-vendee-atlantique.com\\\/en\\\/campsite-france-vendee-services#primaryimage\"},\"image\":{\"@id\":\"https:\\\/\\\/camping-vendee-atlantique.com\\\/en\\\/campsite-france-vendee-services#primaryimage\"},\"thumbnailUrl\":\"https:\\\/\\\/camping-vendee-atlantique.com\\\/wp-content\\\/uploads\\\/2018\\\/12\\\/part-wifi.png\",\"datePublished\":\"2017-10-26T12:43:34+00:00\",\"dateModified\":\"2022-11-15T09:45:59+00:00\",\"breadcrumb\":{\"@id\":\"https:\\\/\\\/camping-vendee-atlantique.com\\\/en\\\/campsite-france-vendee-services#breadcrumb\"},\"inLanguage\":\"en-US\",\"potentialAction\":[{\"@type\":\"ReadAction\",\"target\":[\"https:\\\/\\\/camping-vendee-atlantique.com\\\/en\\\/campsite-france-vendee-services\"]}]},{\"@type\":\"ImageObject\",\"inLanguage\":\"en-US\",\"@id\":\"https:\\\/\\\/camping-vendee-atlantique.com\\\/en\\\/campsite-france-vendee-services#primaryimage\",\"url\":\"https:\\\/\\\/camping-vendee-atlantique.com\\\/wp-content\\\/uploads\\\/2018\\\/12\\\/part-wifi.png\",\"contentUrl\":\"https:\\\/\\\/camping-vendee-atlantique.com\\\/wp-content\\\/uploads\\\/2018\\\/12\\\/part-wifi.png\"},{\"@type\":\"BreadcrumbList\",\"@id\":\"https:\\\/\\\/camping-vendee-atlantique.com\\\/en\\\/campsite-france-vendee-services#breadcrumb\",\"itemListElement\":[{\"@type\":\"ListItem\",\"position\":1,\"name\":\"Accueil\",\"item\":\"https:\\\/\\\/camping-vendee-atlantique.com\\\/en\"},{\"@type\":\"ListItem\",\"position\":2,\"name\":\"Services\"}]},{\"@type\":\"WebSite\",\"@id\":\"https:\\\/\\\/camping-vendee-atlantique.com\\\/#website\",\"url\":\"https:\\\/\\\/camping-vendee-atlantique.com\\\/\",\"name\":\"Camping Vend\u00e9e **** - CAMPING ATLANTIQUE - C\u00f4te Vend\u00e9enne\",\"description\":\"\",\"potentialAction\":[{\"@type\":\"SearchAction\",\"target\":{\"@type\":\"EntryPoint\",\"urlTemplate\":\"https:\\\/\\\/camping-vendee-atlantique.com\\\/?s={search_term_string}\"},\"query-input\":{\"@type\":\"PropertyValueSpecification\",\"valueRequired\":true,\"valueName\":\"search_term_string\"}}],\"inLanguage\":\"en-US\"}]}<\/script>\n<!-- \/ Yoast SEO plugin. -->","yoast_head_json":{"title":"Services - Camping Vend\u00e9e **** - CAMPING ATLANTIQUE - C\u00f4te Vend\u00e9enne","robots":{"index":"index","follow":"follow","max-snippet":"max-snippet:-1","max-image-preview":"max-image-preview:large","max-video-preview":"max-video-preview:-1"},"canonical":"https:\/\/camping-vendee-atlantique.com\/en\/campsite-france-vendee-services","og_locale":"en_US","og_type":"article","og_title":"Services - Camping Vend\u00e9e **** - CAMPING ATLANTIQUE - C\u00f4te Vend\u00e9enne","og_description":"One of the most comfortable CAMPSITES of Vend\u00e9e.","og_url":"https:\/\/camping-vendee-atlantique.com\/en\/campsite-france-vendee-services","og_site_name":"Camping Vend\u00e9e **** - CAMPING ATLANTIQUE - C\u00f4te Vend\u00e9enne","article_modified_time":"2022-11-15T09:45:59+00:00","og_image":[{"url":"https:\/\/camping-vendee-atlantique.com\/wp-content\/uploads\/2018\/12\/part-wifi.png","type":"","width":"","height":""}],"twitter_card":"summary_large_image","twitter_misc":{"Est. reading time":"1 minute"},"schema":{"@context":"https:\/\/schema.org","@graph":[{"@type":"WebPage","@id":"https:\/\/camping-vendee-atlantique.com\/en\/campsite-france-vendee-services","url":"https:\/\/camping-vendee-atlantique.com\/en\/campsite-france-vendee-services","name":"Services - Camping Vend\u00e9e **** - CAMPING ATLANTIQUE - C\u00f4te Vend\u00e9enne","isPartOf":{"@id":"https:\/\/camping-vendee-atlantique.com\/#website"},"primaryImageOfPage":{"@id":"https:\/\/camping-vendee-atlantique.com\/en\/campsite-france-vendee-services#primaryimage"},"image":{"@id":"https:\/\/camping-vendee-atlantique.com\/en\/campsite-france-vendee-services#primaryimage"},"thumbnailUrl":"https:\/\/camping-vendee-atlantique.com\/wp-content\/uploads\/2018\/12\/part-wifi.png","datePublished":"2017-10-26T12:43:34+00:00","dateModified":"2022-11-15T09:45:59+00:00","breadcrumb":{"@id":"https:\/\/camping-vendee-atlantique.com\/en\/campsite-france-vendee-services#breadcrumb"},"inLanguage":"en-US","potentialAction":[{"@type":"ReadAction","target":["https:\/\/camping-vendee-atlantique.com\/en\/campsite-france-vendee-services"]}]},{"@type":"ImageObject","inLanguage":"en-US","@id":"https:\/\/camping-vendee-atlantique.com\/en\/campsite-france-vendee-services#primaryimage","url":"https:\/\/camping-vendee-atlantique.com\/wp-content\/uploads\/2018\/12\/part-wifi.png","contentUrl":"https:\/\/camping-vendee-atlantique.com\/wp-content\/uploads\/2018\/12\/part-wifi.png"},{"@type":"BreadcrumbList","@id":"https:\/\/camping-vendee-atlantique.com\/en\/campsite-france-vendee-services#breadcrumb","itemListElement":[{"@type":"ListItem","position":1,"name":"Accueil","item":"https:\/\/camping-vendee-atlantique.com\/en"},{"@type":"ListItem","position":2,"name":"Services"}]},{"@type":"WebSite","@id":"https:\/\/camping-vendee-atlantique.com\/#website","url":"https:\/\/camping-vendee-atlantique.com\/","name":"Camping Vend\u00e9e **** - CAMPING ATLANTIQUE - C\u00f4te Vend\u00e9enne","description":"","potentialAction":[{"@type":"SearchAction","target":{"@type":"EntryPoint","urlTemplate":"https:\/\/camping-vendee-atlantique.com\/?s={search_term_string}"},"query-input":{"@type":"PropertyValueSpecification","valueRequired":true,"valueName":"search_term_string"}}],"inLanguage":"en-US"}]}},"_links":{"self":[{"href":"https:\/\/camping-vendee-atlantique.com\/en\/wp-json\/wp\/v2\/pages\/1011","targetHints":{"allow":["GET"]}}],"collection":[{"href":"https:\/\/camping-vendee-atlantique.com\/en\/wp-json\/wp\/v2\/pages"}],"about":[{"href":"https:\/\/camping-vendee-atlantique.com\/en\/wp-json\/wp\/v2\/types\/page"}],"author":[{"embeddable":true,"href":"https:\/\/camping-vendee-atlantique.com\/en\/wp-json\/wp\/v2\/users\/1"}],"replies":[{"embeddable":true,"href":"https:\/\/camping-vendee-atlantique.com\/en\/wp-json\/wp\/v2\/comments?post=1011"}],"version-history":[{"count":7,"href":"https:\/\/camping-vendee-atlantique.com\/en\/wp-json\/wp\/v2\/pages\/1011\/revisions"}],"predecessor-version":[{"id":11422,"href":"https:\/\/camping-vendee-atlantique.com\/en\/wp-json\/wp\/v2\/pages\/1011\/revisions\/11422"}],"wp:attachment":[{"href":"https:\/\/camping-vendee-atlantique.com\/en\/wp-json\/wp\/v2\/media?parent=1011"}],"curies":[{"name":"wp","href":"https:\/\/api.w.org\/{rel}","templated":true}]}}